{"id":178,"date":"2023-01-19T11:34:21","date_gmt":"2023-01-19T11:34:21","guid":{"rendered":"https:\/\/farmacialuican.es\/?page_id=178"},"modified":"2026-01-29T12:51:11","modified_gmt":"2026-01-29T12:51:11","slug":"equipo","status":"publish","type":"page","link":"https:\/\/farmacialuican.es\/?page_id=178","title":{"rendered":"Equipo"},"content":{"rendered":"\n<p class=\"has-text-align-center\">Profesionales especializados para resolver las dudas de los pacientes. Con una atenci\u00f3n personal, buscando la soluci\u00f3n id\u00f3nea a sus necesidades.<\/p>\n\n\n\n<div class=\"wp-block-media-text is-stacked-on-mobile\"><figure class=\"wp-block-media-text__media\"><img loading=\"lazy\" decoding=\"async\" width=\"443\" height=\"420\" src=\"https:\/\/farmacialuican.es\/wp-content\/uploads\/2023\/01\/Ana-2.png\" alt=\"\" class=\"wp-image-214 size-full\" srcset=\"https:\/\/farmacialuican.es\/wp-content\/uploads\/2023\/01\/Ana-2.png 443w, https:\/\/farmacialuican.es\/wp-content\/uploads\/2023\/01\/Ana-2-300x284.png 300w\" sizes=\"(max-width: 443px) 100vw, 443px\" \/><\/figure><div class=\"wp-block-media-text__content\">\n<p class=\"has-text-align-center\">Ana D\u00edaz-Llanos D\u00edaz<\/p>\n\n\n\n<p class=\"has-text-align-center\">Farmac\u00e9utica Titular<\/p>\n<\/div><\/div>\n\n\n\n<div class=\"wp-block-group is-nowrap is-layout-flex wp-container-core-group-is-layout-2 wp-block-group-is-layout-flex\">\n<div class=\"wp-block-group alignwide is-vertical is-layout-flex wp-container-core-group-is-layout-1 wp-block-group-is-layout-flex\">\n<div class=\"wp-block-media-text alignwide has-media-on-the-right is-stacked-on-mobile\"><div class=\"wp-block-media-text__content\">\n<p class=\"has-text-align-center\">Luc\u00eda Melo Santos<\/p>\n\n\n\n<p class=\"has-text-align-center\">Farmac\u00e9utica Adjunta<\/p>\n<\/div><figure class=\"wp-block-media-text__media\"><img loading=\"lazy\" decoding=\"async\" width=\"360\" height=\"360\" src=\"https:\/\/farmacialuican.es\/wp-content\/uploads\/2024\/08\/Lucia.png\" alt=\"\" class=\"wp-image-394 size-full\" srcset=\"https:\/\/farmacialuican.es\/wp-content\/uploads\/2024\/08\/Lucia.png 360w, https:\/\/farmacialuican.es\/wp-content\/uploads\/2024\/08\/Lucia-300x300.png 300w, https:\/\/farmacialuican.es\/wp-content\/uploads\/2024\/08\/Lucia-150x150.png 150w, https:\/\/farmacialuican.es\/wp-content\/uploads\/2024\/08\/Lucia-100x100.png 100w\" sizes=\"(max-width: 360px) 100vw, 360px\" \/><\/figure><\/div>\n<\/div>\n<\/div>\n\n\n\n<div class=\"wp-block-media-text is-stacked-on-mobile\"><figure class=\"wp-block-media-text__media\"><img loading=\"lazy\" decoding=\"async\" width=\"420\" height=\"420\" src=\"https:\/\/farmacialuican.es\/wp-content\/uploads\/2023\/01\/Laura.png\" alt=\"\" class=\"wp-image-206 size-full\" srcset=\"https:\/\/farmacialuican.es\/wp-content\/uploads\/2023\/01\/Laura.png 420w, https:\/\/farmacialuican.es\/wp-content\/uploads\/2023\/01\/Laura-300x300.png 300w, https:\/\/farmacialuican.es\/wp-content\/uploads\/2023\/01\/Laura-150x150.png 150w\" sizes=\"(max-width: 420px) 100vw, 420px\" \/><\/figure><div class=\"wp-block-media-text__content\">\n<p class=\"has-text-align-center\">Laura Garc\u00eda Rovira<\/p>\n\n\n\n<p class=\"has-text-align-center\">Farmac\u00e9utica Adjunta<\/p>\n<\/div><\/div>\n\n\n\n<div class=\"wp-block-media-text has-media-on-the-right is-stacked-on-mobile\" style=\"grid-template-columns:auto 41%\"><div class=\"wp-block-media-text__content\">\n<p>Farmac\u00e9utica <\/p>\n\n\n\n<p>Silvana Rodriguez Sancho<\/p>\n<\/div><figure class=\"wp-block-media-text__media\"><img loading=\"lazy\" decoding=\"async\" width=\"228\" height=\"280\" src=\"https:\/\/farmacialuican.es\/wp-content\/uploads\/2026\/01\/silvana.png\" alt=\"\" class=\"wp-image-413 size-full\"\/><\/figure><\/div>\n\n\n\n<div class=\"wp-block-media-text is-stacked-on-mobile\"><figure class=\"wp-block-media-text__media\"><img loading=\"lazy\" decoding=\"async\" width=\"440\" height=\"420\" src=\"https:\/\/farmacialuican.es\/wp-content\/uploads\/2023\/01\/Estela.png\" alt=\"\" class=\"wp-image-209 size-full\" srcset=\"https:\/\/farmacialuican.es\/wp-content\/uploads\/2023\/01\/Estela.png 440w, https:\/\/farmacialuican.es\/wp-content\/uploads\/2023\/01\/Estela-300x286.png 300w\" sizes=\"(max-width: 440px) 100vw, 440px\" \/><\/figure><div class=\"wp-block-media-text__content\">\n<p class=\"has-text-align-center\">Estela D\u00edaz Oda<\/p>\n\n\n\n<p class=\"has-text-align-center\">T\u00e9cnico Farmacia<\/p>\n<\/div><\/div>\n\n\n\n<div class=\"wp-block-media-text has-media-on-the-right is-stacked-on-mobile\"><div class=\"wp-block-media-text__content\">\n<p class=\"has-text-align-center\">Edgar Agramunt Roca<\/p>\n\n\n\n<p class=\"has-text-align-center\">T\u00e9cnico Farmacia<\/p>\n<\/div><figure class=\"wp-block-media-text__media\"><img loading=\"lazy\" decoding=\"async\" width=\"420\" height=\"420\" src=\"https:\/\/farmacialuican.es\/wp-content\/uploads\/2023\/01\/Edgar-1.png\" alt=\"\" class=\"wp-image-226 size-full\" srcset=\"https:\/\/farmacialuican.es\/wp-content\/uploads\/2023\/01\/Edgar-1.png 420w, https:\/\/farmacialuican.es\/wp-content\/uploads\/2023\/01\/Edgar-1-300x300.png 300w, https:\/\/farmacialuican.es\/wp-content\/uploads\/2023\/01\/Edgar-1-150x150.png 150w\" sizes=\"(max-width: 420px) 100vw, 420px\" \/><\/figure><\/div>\n\n\n\n<div class=\"wp-block-media-text is-stacked-on-mobile\"><figure class=\"wp-block-media-text__media\"><img loading=\"lazy\" decoding=\"async\" width=\"437\" height=\"420\" src=\"https:\/\/farmacialuican.es\/wp-content\/uploads\/2023\/01\/Andrea.png\" alt=\"\" class=\"wp-image-211 size-full\" srcset=\"https:\/\/farmacialuican.es\/wp-content\/uploads\/2023\/01\/Andrea.png 437w, https:\/\/farmacialuican.es\/wp-content\/uploads\/2023\/01\/Andrea-300x288.png 300w\" sizes=\"(max-width: 437px) 100vw, 437px\" \/><\/figure><div class=\"wp-block-media-text__content\">\n<p class=\"has-text-align-center\">Andrea Toro Talleda<\/p>\n\n\n\n<p class=\"has-text-align-center\">T\u00e9cnico Farmacia<\/p>\n<\/div><\/div>\n\n\n\n<div class=\"wp-block-media-text alignwide has-media-on-the-right is-stacked-on-mobile\"><div class=\"wp-block-media-text__content\">\n<p class=\"has-text-align-center\">Aaron Fern\u00e1ndez Ferrero<\/p>\n\n\n\n<p class=\"has-text-align-center\">T\u00e9cnico Farmacia<\/p>\n<\/div><figure class=\"wp-block-media-text__media\"><img loading=\"lazy\" decoding=\"async\" width=\"434\" height=\"418\" src=\"https:\/\/farmacialuican.es\/wp-content\/uploads\/2023\/08\/Aaron.png\" alt=\"\" class=\"wp-image-345 size-full\" srcset=\"https:\/\/farmacialuican.es\/wp-content\/uploads\/2023\/08\/Aaron.png 434w, https:\/\/farmacialuican.es\/wp-content\/uploads\/2023\/08\/Aaron-300x289.png 300w\" sizes=\"(max-width: 434px) 100vw, 434px\" \/><\/figure><\/div>\n\n\n\n<div class=\"wp-block-media-text alignwide is-stacked-on-mobile\" style=\"grid-template-columns:38% auto\"><figure class=\"wp-block-media-text__media\"><img loading=\"lazy\" decoding=\"async\" width=\"286\" height=\"382\" src=\"https:\/\/farmacialuican.es\/wp-content\/uploads\/2023\/09\/Anyis.png\" alt=\"\" class=\"wp-image-351 size-full\" srcset=\"https:\/\/farmacialuican.es\/wp-content\/uploads\/2023\/09\/Anyis.png 286w, https:\/\/farmacialuican.es\/wp-content\/uploads\/2023\/09\/Anyis-225x300.png 225w\" sizes=\"(max-width: 286px) 100vw, 286px\" \/><\/figure><div class=\"wp-block-media-text__content\">\n<p class=\"has-text-align-center\">T\u00e9cnico Farmacia<\/p>\n\n\n\n<p class=\"has-text-align-center\">Anyis Atencio<\/p>\n<\/div><\/div>\n\n\n\n<div class=\"wp-block-media-text alignwide has-media-on-the-right is-stacked-on-mobile\"><div class=\"wp-block-media-text__content\">\n<p>T\u00e9cnico Farmacia<\/p>\n\n\n\n<p>Mar\u00eda Bel\u00e9n Garc\u00eda<\/p>\n<\/div><figure class=\"wp-block-media-text__media\"><img loading=\"lazy\" decoding=\"async\" width=\"484\" height=\"518\" src=\"https:\/\/farmacialuican.es\/wp-content\/uploads\/2024\/07\/Maria.png\" alt=\"\" class=\"wp-image-376 size-full\" srcset=\"https:\/\/farmacialuican.es\/wp-content\/uploads\/2024\/07\/Maria.png 484w, https:\/\/farmacialuican.es\/wp-content\/uploads\/2024\/07\/Maria-280x300.png 280w\" sizes=\"(max-width: 484px) 100vw, 484px\" \/><\/figure><\/div>\n\n\n\n<div class=\"wp-block-media-text is-stacked-on-mobile\"><figure class=\"wp-block-media-text__media\"><img loading=\"lazy\" decoding=\"async\" width=\"478\" height=\"418\" src=\"https:\/\/farmacialuican.es\/wp-content\/uploads\/2024\/07\/Ruben.png\" alt=\"\" class=\"wp-image-380 size-full\" srcset=\"https:\/\/farmacialuican.es\/wp-content\/uploads\/2024\/07\/Ruben.png 478w, https:\/\/farmacialuican.es\/wp-content\/uploads\/2024\/07\/Ruben-300x262.png 300w\" sizes=\"(max-width: 478px) 100vw, 478px\" \/><\/figure><div class=\"wp-block-media-text__content\">\n<p class=\"has-text-align-center\">Rub\u00e9n Garc\u00eda Arevalillo<\/p>\n\n\n\n<p class=\"has-text-align-center\">Administraci\u00f3n<\/p>\n<\/div><\/div>\n","protected":false},"excerpt":{"rendered":"<p>Profesionales especializados para resolver las dudas de los pacientes. Con una atenci\u00f3n personal, buscando la soluci\u00f3n id\u00f3nea a sus necesidades. Ana D\u00edaz-Llanos D\u00edaz Farmac\u00e9utica Titular Luc\u00eda Melo Santos Farmac\u00e9utica Adjunta Laura Garc\u00eda Rovira Farmac\u00e9utica Adjunta Farmac\u00e9utica Silvana Rodriguez Sancho Estela D\u00edaz Oda T\u00e9cnico Farmacia Edgar Agramunt Roca T\u00e9cnico Farmacia Andrea Toro Talleda T\u00e9cnico Farmacia Aaron &hellip; <\/p>\n<p class=\"link-more\"><a href=\"https:\/\/farmacialuican.es\/?page_id=178\" class=\"more-link\">Continuar leyendo<span class=\"screen-reader-text\"> \u00abEquipo\u00bb<\/span><\/a><\/p>\n","protected":false},"author":1,"featured_media":0,"parent":0,"menu_order":0,"comment_status":"closed","ping_status":"closed","template":"","meta":{"om_disable_all_campaigns":false,"_monsterinsights_skip_tracking":false,"_monsterinsights_sitenote_active":false,"_monsterinsights_sitenote_note":"","_monsterinsights_sitenote_category":0,"footnotes":""},"class_list":["post-178","page","type-page","status-publish","hentry"],"aioseo_notices":[],"_links":{"self":[{"href":"https:\/\/farmacialuican.es\/index.php?rest_route=\/wp\/v2\/pages\/178"}],"collection":[{"href":"https:\/\/farmacialuican.es\/index.php?rest_route=\/wp\/v2\/pages"}],"about":[{"href":"https:\/\/farmacialuican.es\/index.php?rest_route=\/wp\/v2\/types\/page"}],"author":[{"embeddable":true,"href":"https:\/\/farmacialuican.es\/index.php?rest_route=\/wp\/v2\/users\/1"}],"replies":[{"embeddable":true,"href":"https:\/\/farmacialuican.es\/index.php?rest_route=%2Fwp%2Fv2%2Fcomments&post=178"}],"version-history":[{"count":35,"href":"https:\/\/farmacialuican.es\/index.php?rest_route=\/wp\/v2\/pages\/178\/revisions"}],"predecessor-version":[{"id":415,"href":"https:\/\/farmacialuican.es\/index.php?rest_route=\/wp\/v2\/pages\/178\/revisions\/415"}],"wp:attachment":[{"href":"https:\/\/farmacialuican.es\/index.php?rest_route=%2Fwp%2Fv2%2Fmedia&parent=178"}],"curies":[{"name":"wp","href":"https:\/\/api.w.org\/{rel}","templated":true}]}}